{"id":3426,"date":"2001-05-25T02:00:00","date_gmt":"2001-05-25T08:00:00","guid":{"rendered":"https:\/\/litoralatlanticohd.net\/?page_id=3426"},"modified":"2022-12-07T02:04:43","modified_gmt":"2022-12-07T08:04:43","slug":"a-vip-jutalmak-nagyszeru-juttatasok-amelyeket-a-felhasznalok-az-lv-betben-is-megkaphatnak","status":"publish","type":"page","link":"https:\/\/litoralatlanticohd.net\/index.php\/a-vip-jutalmak-nagyszeru-juttatasok-amelyeket-a-felhasznalok-az-lv-betben-is-megkaphatnak\/","title":{"rendered":"A VIP jutalmak nagyszer\u0171 juttat\u00e1sok, amelyeket a felhaszn\u00e1l\u00f3k az LV Betben is megkaphatnak."},"content":{"rendered":"\n<h2>Mire sz\u00e1m\u00edthat egy j\u00e1t\u00e9kos az Lvbetn\u00e9l?<\/h2> \n<p>Szinte minden felhaszn\u00e1l\u00f3, aki \u00e9rdekl\u0151dik a nyer\u0151g\u00e9pek ir\u00e1nt, \u00e9s t\u00f6bb mint 1 \u00e9ve j\u00e1tszik online kaszin\u00f3kban, hallott m\u00e1r az LVbet klubr\u00f3l. Ez a szerencsej\u00e1t\u00e9k weboldal mintegy 1200 j\u00e1t\u00e9kot, asztali j\u00e1t\u00e9kot, valamint szokatlan versenyeket k\u00edn\u00e1l. V\u00e1laszthatsz egy j\u00e1t\u00e9kot a k\u00f6vetkez\u0151 szolg\u00e1ltat\u00f3k egyik\u00e9t\u0151l: PlaySon, NetEnt, Amatic. Ha \u00faj j\u00e1t\u00e9kokat szeretne j\u00e1tszani az \u00e9l\u0151 verzi\u00f3ban, akkor ezt is el tudja int\u00e9zni. Az ilyen sz\u00f3rakoz\u00e1s leggyakrabban a labdar\u00fag\u00e1sra vonatkozik. A h\u00edres foci a j\u00e1t\u00e9kosok k\u00f6r\u00e9ben keresett, mert az elm\u00falt 3 h\u00f3nap tal\u00e1lkoz\u00f3inak statisztik\u00e1ja egyszer\u0171en kolossz\u00e1lis. \n<p>A j\u00e1t\u00e9kteremben nincsenek k\u00e9s\u00e9sek, a fogad\u00e1sok 2,0 vagy 1,4-es odds mellett lehets\u00e9gesek. A j\u00e1t\u00e9kosok t\u00f6bbs\u00e9ge a szok\u00e1sos \u00e1rusokn\u00e1l teszi meg t\u00e9tjeit. Az asztali j\u00e1t\u00e9kok k\u00f6z\u00fcl a Baccarat a legt\u00f6bbek sz\u00e1m\u00e1ra kiemelt fontoss\u00e1g\u00fa. Ha olyan j\u00e1t\u00e9kokra szeretne bet\u00e9tet tenni, amelyek vonz\u00f3ak az \u00d6n sz\u00e1m\u00e1ra, akkor keresse a 97%-os RTP-vel rendelkez\u0151 nyer\u0151g\u00e9peket. Az ilyen j\u00e1t\u00e9kokat gyakran a Microgaming \u00fczemelteti. \nA webkaszin\u00f3ban k\u00fcl\u00f6nb\u00f6z\u0151 versenyeken is j\u00e1tszhat. A versenyeken val\u00f3 r\u00e9szv\u00e9telhez egy maxim\u00e1lis \u00f6sszeg\u0171 befizet\u00e9sre van sz\u00fcks\u00e9g. A p\u00e9nzeszk\u00f6z\u00f6ket a WebMoney, PayPal, MTS, Tinkoff \u00e9s m\u00e9g a Rosbank is elfogadja. Ha van Visa vagy MasterCard k\u00e1rty\u00e1ja a VTB-t\u0151l, akkor is befizethet. Vannak versenyz\u00e9si lehet\u0151s\u00e9gek: \n<p>&#8211; havonta egyszer; \n<p>&#8211; negyed\u00e9vente; \n<p>&#8211; ny\u00e1r (nem k\u00f6telez\u0151); \n<p>&#8211; T\u00e9li (nem k\u00f6telez\u0151); \n<img decoding=\"async\" src=\"https:\/\/smartcasinoguide.com\/app\/uploads\/2020\/03\/text-best-mobile-casinos-online.png\" alt=\"LVBET\"\/>\n<h2>J\u00e1t\u00e9k b\u00f3nusz aj\u00e1nlatokkal az LV Bet-ben<\/h2>\n<p>Az <a href=\" http:\/\/www.katonabarbara.hu\/\">LVBet.hu applik\u00e1ci\u00f3<\/a> kaszin\u00f3 szerencsej\u00e1t\u00e9k sz\u00f3rakoztat\u00f3 portf\u00f3li\u00f3ja meglehet\u0151sen nagy. A j\u00e1t\u00e9kosok k\u00fcl\u00f6nb\u00f6z\u0151 b\u00f3nusz meglepet\u00e9sekkel rendelkez\u0151 nyer\u0151g\u00e9peket vehetnek fel: \u00fcdv\u00f6zl\u0151 b\u00f3nusz, befizet\u00e9s n\u00e9lk\u00fcli b\u00f3nusz \u00e9s sz\u00e1mos m\u00e1s. A lehets\u00e9ges ingyenes p\u00f6rget\u00e9sek k\u00f6z\u00f6tt van egy lehet\u0151s\u00e9g, hogy 180 FS-t kapjunk 100$ vagy nagyobb \u00f6sszeg\u0171 befizet\u00e9s ut\u00e1n. Szint\u00e9n 50% b\u00f3nusz j\u00e1r a 2. befizet\u00e9sre, 25% b\u00f3nusz a 3. befizet\u00e9sre \u00e9s 10% b\u00f3nusz a 4. befizet\u00e9sre. Legal\u00e1bb 30 doll\u00e1r befizet\u00e9se eset\u00e9n a felhaszn\u00e1l\u00f3 kieg\u00e9sz\u00edt\u0151 rejtett funkci\u00f3kat kap. \n<p>Tov\u00e1bbi funkci\u00f3 a b\u00f3nusz pl\u00fcss\u00f6k aktiv\u00e1l\u00e1sa az Lvbetn\u00e9l 2000 forintos vagy nagyobb befizet\u00e9s eset\u00e9n. Az Lvbetn\u00e9l rubelben is fogadhatsz, \u00e9s ez\u00e9rt b\u00f3nuszt is kaphatsz. Ha a j\u00e1t\u00e9kos 30 napon bel\u00fcl peches, ami szint\u00e9n el\u0151fordul, a j\u00e1t\u00e9kszerviz tov\u00e1bbi b\u00f3nuszaj\u00e1nlatokat \u00edr j\u00f3v\u00e1 neki. Egy szem\u00e9ly aktiv\u00e1lhatja a VIP st\u00e1tuszt is. \n<p>A VIP jutalmak a nagy jutalmak, amelyeket a tagok kaphatnak. A VIP jutalmak a napt\u00e1r k\u00fcl\u00f6nb\u00f6z\u0151 napjain ker\u00fclnek kioszt\u00e1sra. \n<p>A j\u00e1t\u00e9kport\u00e1l 128-SSL tan\u00fas\u00edtv\u00e1nnyal rendelkezik, ami tov\u00e1bbi v\u00e9delmet ny\u00fajt a tagok sz\u00e1m\u00e1ra. Minden tagnak legal\u00e1bb 18 \u00e9vesnek kell lennie ahhoz, hogy bejelentkezhessen. A b\u00f3nusz aj\u00e1nlatokkal rendelkez\u0151 sz\u00f3rakoz\u00e1s k\u00f6z\u00fcl a felhaszn\u00e1l\u00f3k gyakran kiemelik az ilyen g\u00e9peket: Monopoly live, Auto Roulette. Minden nyer\u0151g\u00e9pen lehet\u0151s\u00e9g van arra, hogy gond n\u00e9lk\u00fcl kapjon kieg\u00e9sz\u00edt\u0151 b\u00f3nuszokat. Ha azonnal fel kell aj\u00e1nlani, hogy l\u00e9pjen kapcsolatba a t\u00e1mogat\u00e1si chat.\n","protected":false},"excerpt":{"rendered":"<p>Mire sz\u00e1m\u00edthat egy j\u00e1t\u00e9kos az Lvbetn\u00e9l? Szinte minden felhaszn\u00e1l\u00f3, aki \u00e9rdekl\u0151dik a nyer\u0151g\u00e9pek ir\u00e1nt, \u00e9s t\u00f6bb mint 1 \u00e9ve j\u00e1tszik online kaszin\u00f3kban, hallott m\u00e1r az LVbet klubr\u00f3l. Ez a szerencsej\u00e1t\u00e9k weboldal mintegy 1200 j\u00e1t\u00e9kot, asztali j\u00e1t\u00e9kot, valamint szokatlan versenyeket k\u00edn\u00e1l. V\u00e1laszthatsz egy j\u00e1t\u00e9kot a k\u00f6vetkez\u0151 szolg\u00e1ltat\u00f3k egyik\u00e9t\u0151l: PlaySon, NetEnt, Amatic. Ha \u00faj j\u00e1t\u00e9kokat szeretne j\u00e1tszani [&hellip;]<\/p>\n","protected":false},"author":4,"featured_media":0,"parent":0,"menu_order":0,"comment_status":"closed","ping_status":"closed","template":"","meta":{"om_disable_all_campaigns":false,"_mi_skip_tracking":false},"_links":{"self":[{"href":"https:\/\/litoralatlanticohd.net\/index.php\/wp-json\/wp\/v2\/pages\/3426"}],"collection":[{"href":"https:\/\/litoralatlanticohd.net\/index.php\/wp-json\/wp\/v2\/pages"}],"about":[{"href":"https:\/\/litoralatlanticohd.net\/index.php\/wp-json\/wp\/v2\/types\/page"}],"author":[{"embeddable":true,"href":"https:\/\/litoralatlanticohd.net\/index.php\/wp-json\/wp\/v2\/users\/4"}],"replies":[{"embeddable":true,"href":"https:\/\/litoralatlanticohd.net\/index.php\/wp-json\/wp\/v2\/comments?post=3426"}],"version-history":[{"count":1,"href":"https:\/\/litoralatlanticohd.net\/index.php\/wp-json\/wp\/v2\/pages\/3426\/revisions"}],"predecessor-version":[{"id":3427,"href":"https:\/\/litoralatlanticohd.net\/index.php\/wp-json\/wp\/v2\/pages\/3426\/revisions\/3427"}],"wp:attachment":[{"href":"https:\/\/litoralatlanticohd.net\/index.php\/wp-json\/wp\/v2\/media?parent=3426"}],"curies":[{"name":"wp","href":"https:\/\/api.w.org\/{rel}","templated":true}]}}